{"id":98,"date":"2019-10-23T06:40:53","date_gmt":"2019-10-23T06:40:53","guid":{"rendered":"http:\/\/anneprib.de\/?page_id=98"},"modified":"2019-10-23T06:59:43","modified_gmt":"2019-10-23T06:59:43","slug":"impressum","status":"publish","type":"page","link":"https:\/\/anneprib.de\/?page_id=98","title":{"rendered":"Impressum"},"content":{"rendered":"<p>[et_pb_section fb_built=&#8220;1&#8243; _builder_version=&#8220;4.0.2&#8243;][et_pb_row _builder_version=&#8220;4.0.2&#8243;][et_pb_column type=&#8220;4_4&#8243; _builder_version=&#8220;4.0.2&#8243;][et_pb_text _builder_version=&#8220;4.0.2&#8243;]<\/p>\n<div class=\"et_pb_module et_pb_text et_pb_text_0 et_pb_bg_layout_light  et_pb_text_align_left\">\n<div class=\"et_pb_text_inner\">\n<h1>Impressum<\/h1>\n<\/div>\n<\/div>\n<div class=\"et_pb_module et_pb_text et_pb_text_1 et_pb_bg_layout_light  et_pb_text_align_left\">\n<div class=\"et_pb_text_inner\">\n<h3>Angaben gem\u00e4\u00df \u00a7 5 TMG<\/h3>\n<p>Anne Prib Veteranenstra\u00dfe 20 10119 Berlin<\/p>\n<h3>Kontakt<\/h3>\n<p>www.anneprib.de bzw.\u00a0<a href=\"mailto:post@anneprib.de\">post@anneprib.de<\/a><br \/> Mit dem Absenden einer Anfrage an oben stehende Adresse erkl\u00e4ren Sie sich mit der Verarbeitung Ihrer angegebenen Daten zum Zweck der Bearbeitung Ihrer Anfrage. Die Datenschutzerkl\u00e4rung sowie Widerrufshinweise finden Sie<span>\u00a0<\/span><a href=\"https:\/\/jackpulse.de\/datenschutz\/\">hier<\/a>.<\/p>\n<p>Verantwortlich fu\u0308r den Inhalt nach \u00a7 55 Abs. 2 RStV<\/p>\n<p class=\"p1\">Anne Prib<\/p>\n<h3>Widerspruch Werbe-Mails<\/h3>\n<p>Der Nutzung von im Rahmen der Impressumspflicht ver\u00f6ffentlichten Kontaktdaten zur \u00dcbersendung von nicht ausdr\u00fccklich angeforderter Werbung und Informationsmaterialien wird hiermit widersprochen. Die Betreiber der Seiten behalten sich ausdr\u00fccklich rechtliche Schritte im Falle der unverlangten Zusendung von Werbeinformationen, etwa durch Spam-E-Mails, vor.<\/p>\n<\/div>\n<\/div>\n<p>[\/et_pb_text][\/et_pb_column][\/et_pb_row][\/et_pb_section]<\/p>\n","protected":false},"excerpt":{"rendered":"<p>Impressum Angaben gem\u00e4\u00df \u00a7 5 TMG Anne Prib Veteranenstra\u00dfe 20 10119 Berlin Kontakt www.anneprib.de bzw.\u00a0post@anneprib.de Mit dem Absenden einer Anfrage an oben stehende Adresse erkl\u00e4ren Sie sich mit der Verarbeitung Ihrer angegebenen Daten zum Zweck der Bearbeitung Ihrer Anfrage. Die Datenschutzerkl\u00e4rung sowie Widerrufshinweise finden Sie\u00a0hier. Verantwortlich fu\u0308r den Inhalt nach \u00a7 55 Abs. 2 RStV [&hellip;]<\/p>\n","protected":false},"author":1,"featured_media":0,"parent":0,"menu_order":0,"comment_status":"closed","ping_status":"closed","template":"","meta":{"_et_pb_use_builder":"on","_et_pb_old_content":"","_et_gb_content_width":"","om_disable_all_campaigns":false,"_exactmetrics_skip_tracking":false,"_exactmetrics_sitenote_active":false,"_exactmetrics_sitenote_note":"","_exactmetrics_sitenote_category":0,"_monsterinsights_skip_tracking":false,"_monsterinsights_sitenote_active":false,"_monsterinsights_sitenote_note":"","_monsterinsights_sitenote_category":0,"footnotes":""},"class_list":["post-98","page","type-page","status-publish","hentry"],"aioseo_notices":[],"_links":{"self":[{"href":"https:\/\/anneprib.de\/index.php?rest_route=\/wp\/v2\/pages\/98","targetHints":{"allow":["GET"]}}],"collection":[{"href":"https:\/\/anneprib.de\/index.php?rest_route=\/wp\/v2\/pages"}],"about":[{"href":"https:\/\/anneprib.de\/index.php?rest_route=\/wp\/v2\/types\/page"}],"author":[{"embeddable":true,"href":"https:\/\/anneprib.de\/index.php?rest_route=\/wp\/v2\/users\/1"}],"replies":[{"embeddable":true,"href":"https:\/\/anneprib.de\/index.php?rest_route=%2Fwp%2Fv2%2Fcomments&post=98"}],"version-history":[{"count":3,"href":"https:\/\/anneprib.de\/index.php?rest_route=\/wp\/v2\/pages\/98\/revisions"}],"predecessor-version":[{"id":119,"href":"https:\/\/anneprib.de\/index.php?rest_route=\/wp\/v2\/pages\/98\/revisions\/119"}],"wp:attachment":[{"href":"https:\/\/anneprib.de\/index.php?rest_route=%2Fwp%2Fv2%2Fmedia&parent=98"}],"curies":[{"name":"wp","href":"https:\/\/api.w.org\/{rel}","templated":true}]}}